{"id":25,"date":"2013-03-13T14:03:18","date_gmt":"2013-03-13T14:03:18","guid":{"rendered":"http:\/\/abss.lt\/web\/?page_id=25"},"modified":"2013-04-24T06:01:53","modified_gmt":"2013-04-24T06:01:53","slug":"%d1%81%d1%83%d0%b4%d0%be%d1%80%d0%b5%d0%bc%d0%be%d0%bd%d1%82","status":"publish","type":"page","link":"http:\/\/abss.lt\/ru\/%d1%81%d1%83%d0%b4%d0%be%d1%80%d0%b5%d0%bc%d0%be%d0%bd%d1%82\/","title":{"rendered":"\u0421\u0443\u0434\u043e\u0440\u0435\u043c\u043e\u043d\u0442"},"content":{"rendered":"<p><img loading=\"lazy\" decoding=\"async\" class=\"size-medium wp-image-963 aligncenter\" alt=\"vilnius\" src=\"http:\/\/abss.lt\/web\/wp-content\/uploads\/2013\/03\/vilnius-600x234.jpg\" width=\"600\" height=\"234\" srcset=\"http:\/\/abss.lt\/ru\/wp-content\/uploads\/2013\/03\/vilnius-600x234.jpg 600w, http:\/\/abss.lt\/ru\/wp-content\/uploads\/2013\/03\/vilnius-215x83.jpg 215w, http:\/\/abss.lt\/ru\/wp-content\/uploads\/2013\/03\/vilnius.jpg 728w\" sizes=\"auto, (max-width: 600px) 100vw, 600px\" \/><\/p>\n<p>&nbsp;<\/p>\n<h2><strong>Laiv\u0173 remontas ir statyba<\/strong><\/h2>\n<ol>\n<li>Prie\u0161remontin\u0117 laiv\u0173 inspekcija ,remontinio \u017einiara\u0161\u010di\u0173 paruo\u0161imas<\/li>\n<li>Laivo da\u017eymo schemos paruo\u0161imas, korpuso apkalos stori\u0173 matavimai, pateikiant rezultatus klasifikacinei bendrovei<\/li>\n<li>Laiv\u0173 inspekcija \u2013 techninio stovio vertinimas prie\u0161 perkant, parduodant laivus<\/li>\n<li>Tarpininkavimo paslaugos organizuojant laiv\u0173 remont\u0105 ir statyb\u0105 Kinijos laiv\u0173 statyklose ir remonto \u012fmon\u0117se<\/li>\n<li>Technini\u0173 avarij\u0173 tyrimas<\/li>\n<\/ol>\n<p>&nbsp;<\/p>\n<h2><strong>Laiv\u0173 servisas<\/strong><\/h2>\n<ol>\n<li>Laiv\u0173 elektros \u012frangos remontas, naujos \u012frangos diegimas<\/li>\n<li>Radijo ir navigacijos priemoni\u0173 montavimas, remontas<\/li>\n<\/ol>\n<p>&nbsp;<\/p>\n<h2><strong>Tiekimas laivams<\/strong><\/h2>\n<ol>\n<li>Atsargin\u0117s dalys laiv\u0173 \u012frengimams<\/li>\n<li>Laiv\u0173 \u012franga<\/li>\n<li>Med\u017eiagos<\/li>\n<\/ol>\n<p>&nbsp;<\/p>\n<p><strong>\u017dmogi\u0161k\u0173j\u0173 i\u0161tekli\u0173 paslaugos<\/strong><br \/>Mes galime pasi\u016blyti kvalifikuot\u0173 specialist\u0173 laiv\u0173 remontams\/statyboms:<\/p>\n<ol>\n<li>Suvirintojus<\/li>\n<li>Vamzdyn\u0173 montuotojus<\/li>\n<li>Elektrikus<\/li>\n<li>laiv\u0173 vidaus apdailos darbuotojus<\/li>\n<\/ol>\n<p>Ir kitus specialistus&#8230;<\/p>\n<p>&nbsp;<\/p>\n<p><img loading=\"lazy\" decoding=\"async\" class=\"alignnone size-full wp-image-966\" alt=\"port_klaipeda\" src=\"http:\/\/abss.lt\/web\/wp-content\/uploads\/2013\/03\/port_klaipeda.jpg\" width=\"300\" height=\"291\" srcset=\"http:\/\/abss.lt\/ru\/wp-content\/uploads\/2013\/03\/port_klaipeda.jpg 300w, http:\/\/abss.lt\/ru\/wp-content\/uploads\/2013\/03\/port_klaipeda-215x208.jpg 215w\" sizes=\"auto, (max-width: 300px) 100vw, 300px\" \/><\/p>\n<p>&nbsp;<\/p>\n","protected":false},"excerpt":{"rendered":"<p>&nbsp; Laiv\u0173 remontas ir statyba Prie\u0161remontin\u0117 laiv\u0173 inspekcija ,remontinio \u017einiara\u0161\u010di\u0173 paruo\u0161imas Laivo da\u017eymo schemos paruo\u0161imas, korpuso apkalos stori\u0173 matavimai, pateikiant rezultatus klasifikacinei bendrovei Laiv\u0173 inspekcija \u2013 techninio stovio vertinimas prie\u0161 perkant, parduodant laivus Tarpininkavimo paslaugos organizuojant laiv\u0173 remont\u0105 ir statyb\u0105 Kinijos laiv\u0173 statyklose ir remonto \u012fmon\u0117se Technini\u0173 avarij\u0173 tyrimas &nbsp; Laiv\u0173 servisas Laiv\u0173 elektros \u012frangos [&hellip;]<\/p>\n<div class=\"placiaukategorijos\"><a href=\"http:\/\/abss.lt\/ru\/%d1%81%d1%83%d0%b4%d0%be%d1%80%d0%b5%d0%bc%d0%be%d0%bd%d1%82\/\">Pla\u010diau...<\/a><\/div>","protected":false},"author":1,"featured_media":0,"parent":0,"menu_order":0,"comment_status":"open","ping_status":"open","template":"","meta":{"_acf_changed":false,"footnotes":""},"class_list":["post-25","page","type-page","status-publish","hentry"],"acf":[],"_links":{"self":[{"href":"http:\/\/abss.lt\/ru\/wp-json\/wp\/v2\/pages\/25","targetHints":{"allow":["GET"]}}],"collection":[{"href":"http:\/\/abss.lt\/ru\/wp-json\/wp\/v2\/pages"}],"about":[{"href":"http:\/\/abss.lt\/ru\/wp-json\/wp\/v2\/types\/page"}],"author":[{"embeddable":true,"href":"http:\/\/abss.lt\/ru\/wp-json\/wp\/v2\/users\/1"}],"replies":[{"embeddable":true,"href":"http:\/\/abss.lt\/ru\/wp-json\/wp\/v2\/comments?post=25"}],"version-history":[{"count":6,"href":"http:\/\/abss.lt\/ru\/wp-json\/wp\/v2\/pages\/25\/revisions"}],"predecessor-version":[{"id":965,"href":"http:\/\/abss.lt\/ru\/wp-json\/wp\/v2\/pages\/25\/revisions\/965"}],"wp:attachment":[{"href":"http:\/\/abss.lt\/ru\/wp-json\/wp\/v2\/media?parent=25"}],"curies":[{"name":"wp","href":"https:\/\/api.w.org\/{rel}","templated":true}]}}