{"id":986,"date":"2013-04-23T10:24:44","date_gmt":"2013-04-23T10:24:44","guid":{"rendered":"http:\/\/abss.lt\/web\/?page_id=986"},"modified":"2013-04-23T10:46:30","modified_gmt":"2013-04-23T10:46:30","slug":"rottweil-brenneke-classic","status":"publish","type":"page","link":"http:\/\/abss.lt\/ru\/soviniai\/lygiavamzdziai-soviniai\/rottweil-brenneke-classic\/","title":{"rendered":"&#8222;Rottweil Brenneke Classic&#8221;"},"content":{"rendered":"<p><strong><a href=\"http:\/\/abss.lt\/web\/wp-content\/uploads\/2013\/04\/1.png\"><img loading=\"lazy\" decoding=\"async\" class=\"alignnone size-full wp-image-1012\" alt=\"1\" src=\"http:\/\/abss.lt\/web\/wp-content\/uploads\/2013\/04\/1.png\" width=\"300\" height=\"255\" srcset=\"http:\/\/abss.lt\/ru\/wp-content\/uploads\/2013\/04\/1.png 300w, http:\/\/abss.lt\/ru\/wp-content\/uploads\/2013\/04\/1-215x182.png 215w\" sizes=\"auto, (max-width: 300px) 100vw, 300px\" \/><\/a><\/strong><\/p>\n<p>Klasikiniai, universal\u016bs med\u017eiokliniai \u0161oviniai su \u0161vinine kulka ir veltinio <br \/>kam\u0161\u010diu, &#8211; efektyviai gali b\u016bti naudojami iki 50 m \u0161\u016bvio atstumo. \u0160ie \u0161oviniai \u00a0<br \/>puikiai tinka visoms med\u017eiokl\u0117s situacijoms i\u0161 vis\u0173 apyvartoje naudojam\u0173 \u00a0<br \/>lygiavamzd\u017ei\u0173 \u0161autuv\u0173. \u0160autuvo vamzd\u017eio \u010dokai neturi \u017eymios \u012ftakos \u0161\u016bvio \u00a0<br \/>precizi\u0161kumui, tod\u0117l \u0161oviniai gali b\u016bti naudojami visiems populiariems ginklams. *<\/p>\n<p>1. Permatoma plastikin\u0117 t\u016btel\u0117 padeda pasirinkti tinkam\u0105 \u0161ovin\u012f skubiais atvejais.<br \/>2. Originali, klasikin\u0117 &#8222;Brenneke&#8221; kulka.<br \/>3. Tvirtas, patikimas, H-formos plastikinis parako ma\u0161tis.<br \/>4. Ner\u016bdijanti SINOXID kapsul\u0117.<br \/>5. Pirmos klas\u0117s, auk\u0161tas metalinis gaubtas.<\/p>\n<table border=\"1\" cellspacing=\"0\" cellpadding=\"0\">\n<tbody>\n<tr>\n<td width=\"77\">\n<p align=\"center\"><strong>Kalibras<\/strong><\/p>\n<\/td>\n<td width=\"132\">\n<p align=\"center\"><strong>Kulkos svoris (gr)<\/strong><\/p>\n<\/td>\n<td width=\"151\">\n<p align=\"center\"><strong>Pradinis greitis (m\/s)<\/strong><\/p>\n<\/td>\n<td width=\"123\">\n<p align=\"center\"><strong>\u012epakavimas (vnt)<\/strong><\/p>\n<\/td>\n<td>\n<p align=\"center\"><strong>Kaina<\/strong><\/p>\n<\/td>\n<\/tr>\n<tr>\n<td width=\"77\">\n<p align=\"center\">12\/67.5<\/p>\n<\/td>\n<td width=\"132\">\n<p align=\"center\">31.5<\/p>\n<\/td>\n<td width=\"151\">\n<p align=\"center\">415<\/p>\n<\/td>\n<td width=\"123\">\n<p align=\"center\">10<\/p>\n<\/td>\n<td>\n<p align=\"center\"><strong>4.60 Lt.<\/strong><\/p>\n<\/td>\n<\/tr>\n<tr>\n<td width=\"77\">\n<p align=\"center\">16\/67.5<\/p>\n<\/td>\n<td width=\"132\">\n<p align=\"center\">27<\/p>\n<\/td>\n<td width=\"151\">\n<p align=\"center\">415<\/p>\n<\/td>\n<td width=\"123\">\n<p align=\"center\">10<\/p>\n<\/td>\n<td>\n<p align=\"center\"><strong>4.60 Lt.<\/strong><\/p>\n<\/td>\n<\/tr>\n<\/tbody>\n<\/table>\n<p>&nbsp;<\/p>\n<p><strong>&#8222;Rottweil Express&#8221;<\/strong><strong><br \/> <\/strong><\/p>\n<p><a href=\"http:\/\/abss.lt\/web\/wp-content\/uploads\/2013\/04\/2.jpg\"><img loading=\"lazy\" decoding=\"async\" class=\"alignnone size-full wp-image-1013\" alt=\"2\" src=\"http:\/\/abss.lt\/web\/wp-content\/uploads\/2013\/04\/2.jpg\" width=\"360\" height=\"360\" srcset=\"http:\/\/abss.lt\/ru\/wp-content\/uploads\/2013\/04\/2.jpg 500w, http:\/\/abss.lt\/ru\/wp-content\/uploads\/2013\/04\/2-215x215.jpg 215w\" sizes=\"auto, (max-width: 360px) 100vw, 360px\" \/><\/a><\/p>\n<p>Klasikiniai, universal\u016bs med\u017eiokliniai \u0161oviniai sukurti specialiai aistringiems med\u017eiotojams.<br \/>Auk\u0161tos kokyb\u0117s grankulk\u0117s, i\u0161laikan\u010dios didel\u0119 energij\u0105 veikiant taikin\u012f. Puikiai tinka visoms med\u017eiokl\u0117s<br \/>situacijoms i\u0161 vis\u0173 apyvartoje naudojam\u0173 lygiavamzd\u017ei\u0173 \u0161autuv\u0173. *<\/p>\n<p>1. Permatoma plastikin\u0117 t\u016btel\u0117 padeda\u00a0pasirinkti tinkam\u0105 \u0161ovin\u012f skubiais atvejais.<br \/> 2.\u00a0Auk\u0161tos kokyb\u0117s \u0161vinin\u0117s grankulk\u0117s.<br \/> 3.\u00a0Ekologi\u0161ko pluo\u0161to\u00a0kam\u0161tis, i\u0161valantis vamzd\u012f po kiekvieno \u0161\u016bvio.<br \/> 4.\u00a0Tvirtas, patikimas, H-formos plastikinis parako kam\u0161tis.<br \/> 5. Ner\u016bdijanti SINOXID kapsul\u0117.<br \/> 6. Pirmos klas\u0117s, auk\u0161tas metalinis gaubtas.<\/p>\n<table border=\"1\" cellspacing=\"0\" cellpadding=\"0\">\n<tbody>\n<tr>\n<td>\n<p align=\"center\"><strong>Kalibras<\/strong><\/p>\n<\/td>\n<td>\n<p align=\"center\"><strong>Grankulk\u0117s dydis (mm)<\/strong><\/p>\n<\/td>\n<td>\n<p align=\"center\"><strong>Grankulki\u0173 skai\u010dius (vnt)<\/strong><\/p>\n<\/td>\n<td>\n<p align=\"center\"><strong>Pradinis greitis (m\/s)<\/strong><\/p>\n<\/td>\n<td>\n<p align=\"center\"><strong>\u012epakavimas (vnt)<\/strong><\/p>\n<\/td>\n<td>\n<p align=\"center\"><strong>Kaina<\/strong><\/p>\n<\/td>\n<\/tr>\n<tr>\n<td>\n<p align=\"center\">12\/67.5<\/p>\n<\/td>\n<td>\n<p align=\"center\">5.20<\/p>\n<\/td>\n<td>\n<p align=\"center\">43<\/p>\n<\/td>\n<td>\n<p align=\"center\">390<\/p>\n<\/td>\n<td>\n<p align=\"center\">10<\/p>\n<\/td>\n<td>\n<p align=\"center\"><strong>3.10Lt<\/strong><\/p>\n<\/td>\n<\/tr>\n<tr>\n<td>\n<p align=\"center\">12\/67.5<\/p>\n<\/td>\n<td>\n<p align=\"center\">6.20<\/p>\n<\/td>\n<td>\n<p align=\"center\">27<\/p>\n<\/td>\n<td>\n<p align=\"center\">390<\/p>\n<\/td>\n<td>\n<p align=\"center\">10<\/p>\n<\/td>\n<td>\n<p align=\"center\"><strong>3.10Lt<\/strong><\/p>\n<\/td>\n<\/tr>\n<tr>\n<td>\n<p align=\"center\">12\/67.5<\/p>\n<\/td>\n<td>\n<p align=\"center\">7.40<\/p>\n<\/td>\n<td>\n<p align=\"center\">12<\/p>\n<\/td>\n<td>\n<p align=\"center\">415<\/p>\n<\/td>\n<td>\n<p align=\"center\">10<\/p>\n<\/td>\n<td>\n<p align=\"center\"><strong>3.10Lt<\/strong><\/p>\n<\/td>\n<\/tr>\n<tr>\n<td>\n<p align=\"center\">16\/67.5<\/p>\n<\/td>\n<td>\n<p align=\"center\">7.40<\/p>\n<\/td>\n<td>\n<p align=\"center\">9<\/p>\n<\/td>\n<td>\n<p align=\"center\">415<\/p>\n<\/td>\n<td>\n<p align=\"center\">10<\/p>\n<\/td>\n<td>\n<p align=\"center\"><strong>3.10Lt<\/strong><\/p>\n<\/td>\n<\/tr>\n<\/tbody>\n<\/table>\n","protected":false},"excerpt":{"rendered":"<p>Klasikiniai, universal\u016bs med\u017eiokliniai \u0161oviniai su \u0161vinine kulka ir veltinio kam\u0161\u010diu, &#8211; efektyviai gali b\u016bti naudojami iki 50 m \u0161\u016bvio atstumo. \u0160ie \u0161oviniai \u00a0puikiai tinka visoms med\u017eiokl\u0117s situacijoms i\u0161 vis\u0173 apyvartoje naudojam\u0173 \u00a0lygiavamzd\u017ei\u0173 \u0161autuv\u0173. \u0160autuvo vamzd\u017eio \u010dokai neturi \u017eymios \u012ftakos \u0161\u016bvio \u00a0precizi\u0161kumui, tod\u0117l \u0161oviniai gali b\u016bti naudojami visiems populiariems ginklams. * 1. Permatoma plastikin\u0117 t\u016btel\u0117 padeda [&hellip;]<\/p>\n<div class=\"placiaukategorijos\"><a href=\"http:\/\/abss.lt\/ru\/soviniai\/lygiavamzdziai-soviniai\/rottweil-brenneke-classic\/\">Pla\u010diau...<\/a><\/div>","protected":false},"author":1,"featured_media":0,"parent":677,"menu_order":0,"comment_status":"open","ping_status":"open","template":"","meta":{"_acf_changed":false,"footnotes":""},"class_list":["post-986","page","type-page","status-publish","hentry"],"acf":[],"_links":{"self":[{"href":"http:\/\/abss.lt\/ru\/wp-json\/wp\/v2\/pages\/986","targetHints":{"allow":["GET"]}}],"collection":[{"href":"http:\/\/abss.lt\/ru\/wp-json\/wp\/v2\/pages"}],"about":[{"href":"http:\/\/abss.lt\/ru\/wp-json\/wp\/v2\/types\/page"}],"author":[{"embeddable":true,"href":"http:\/\/abss.lt\/ru\/wp-json\/wp\/v2\/users\/1"}],"replies":[{"embeddable":true,"href":"http:\/\/abss.lt\/ru\/wp-json\/wp\/v2\/comments?post=986"}],"version-history":[{"count":4,"href":"http:\/\/abss.lt\/ru\/wp-json\/wp\/v2\/pages\/986\/revisions"}],"predecessor-version":[{"id":1015,"href":"http:\/\/abss.lt\/ru\/wp-json\/wp\/v2\/pages\/986\/revisions\/1015"}],"up":[{"embeddable":true,"href":"http:\/\/abss.lt\/ru\/wp-json\/wp\/v2\/pages\/677"}],"wp:attachment":[{"href":"http:\/\/abss.lt\/ru\/wp-json\/wp\/v2\/media?parent=986"}],"curies":[{"name":"wp","href":"https:\/\/api.w.org\/{rel}","templated":true}]}}