{"id":29,"date":"2013-03-13T14:03:46","date_gmt":"2013-03-13T14:03:46","guid":{"rendered":"http:\/\/abss.lt\/web\/?page_id=29"},"modified":"2014-03-03T13:37:41","modified_gmt":"2014-03-03T13:37:41","slug":"contacts","status":"publish","type":"page","link":"https:\/\/abss.lt\/en\/contacts\/","title":{"rendered":"Contacts"},"content":{"rendered":"<p>\u00a0<a href=\"http:\/\/abss.lt\/wp-content\/uploads\/2013\/03\/P1030752vvv.jpg\"><img loading=\"lazy\" decoding=\"async\" class=\"alignnone size-medium wp-image-2278\" alt=\"P1030752vvv\" src=\"http:\/\/abss.lt\/wp-content\/uploads\/2013\/03\/P1030752vvv-600x450.jpg\" width=\"690\" height=\"518\" \/><\/a><\/p>\n<h2>\u00a0<\/h2>\n<h2><strong>UAB &#8222;ABSS LT&#8221;<\/strong><\/h2>\n<p><strong>Opening time:\u00a0<\/strong>Monday to Friday from 10:00 till 18:00<\/p>\n<p>&nbsp;<\/p>\n<p>&nbsp;<\/p>\n<p><strong>Adress:<\/strong><\/p>\n<p>Klaip\u0117doje<\/p>\n<p>LT-92122, Klaip\u0117da, Naujoji uosto g. 18<br \/>tel.\/fax 8-46412141, mob. +37067908887<\/p>\n<p>e-mail :<a href=\"mailto:parduotuveklaipeda@abss.lt\">parduotuveklaipeda@abss.lt<\/a><\/p>\n<p>\u00a0\u00a0\u00a0\u00a0\u00a0\u00a0\u00a0\u00a0\u00a0\u00a0\u00a0<a href=\"mailto:md@abss.lt\">md@abss.lt<\/a><\/p>\n<p>&nbsp;<\/p>\n<p>&nbsp;<\/p>\n<p><a href=\"skype:abss.lt?call\"><img loading=\"lazy\" decoding=\"async\" class=\"alignnone size-full wp-image-2250\" alt=\"Skype_Logo\" src=\"http:\/\/abss.lt\/wp-content\/uploads\/2013\/03\/Skype_Logo2.png\" width=\"193\" height=\"86\" \/><\/a><\/p>\n<p>&nbsp;<\/p>\n<p><strong><strong>Adress:<\/strong><\/strong><\/p>\n<p>Vilniuje<\/p>\n<p>LT-08221, Vilnius,Kalvarij\u0173 g. 125 9 korpusas II auk\u0161tas<\/p>\n<p>tel. mob. +37067857535<\/p>\n<p>e-mail :<a href=\"mailto:parduotuve@abss.lt\">parduotuve@abss.lt<\/a><\/p>\n<p>&nbsp;<\/p>\n<p>Company Code 302531561,<br \/>VAT Number LT100005623916<br \/>AB bankas \u201cSwedbank\u201d A\/s LT247300010123280513<\/p>\n<p>&nbsp;<\/p>\n<p>&nbsp;<\/p>\n<p><strong>Klaip\u0117doje<\/strong><\/p>\n<p><iframe loading=\"lazy\" src=\"https:\/\/maps.google.lt\/maps?f=q&amp;source=embed&amp;hl=lt&amp;geocode=&amp;q=Naujoji+uosto+g.+18&amp;aq=&amp;sll=55.685908,21.223869&amp;sspn=0.11864,0.338173&amp;ie=UTF8&amp;hq=&amp;hnear=Naujoji+Uosto+gatv%C4%97+18,+Klaip%C4%97da,+Klaip%C4%97dos+miesto+savivaldyb%C4%97+92122&amp;ll=55.714949,21.121311&amp;spn=0.001662,0.010568&amp;t=m&amp;z=14&amp;layer=c&amp;cbll=55.71477,21.120952&amp;panoid=Kwrlbhr7IAiqp6I07v063g&amp;cbp=12,51.82,,0,-1.68&amp;output=svembed\" height=\"350\" width=\"425\" frameborder=\"0\" marginwidth=\"0\" marginheight=\"0\" scrolling=\"no\"><\/iframe><br \/><small><a style=\"color: #0000ff; text-align: left;\" href=\"https:\/\/maps.google.lt\/maps?f=q&amp;source=embed&amp;hl=lt&amp;geocode=&amp;q=Naujoji+uosto+g.+18&amp;aq=&amp;sll=55.685908,21.223869&amp;sspn=0.11864,0.338173&amp;ie=UTF8&amp;hq=&amp;hnear=Naujoji+Uosto+gatv%C4%97+18,+Klaip%C4%97da,+Klaip%C4%97dos+miesto+savivaldyb%C4%97+92122&amp;ll=55.714949,21.121311&amp;spn=0.001662,0.010568&amp;t=m&amp;z=14&amp;layer=c&amp;cbll=55.71477,21.120952&amp;panoid=Kwrlbhr7IAiqp6I07v063g&amp;cbp=12,51.82,,0,-1.68\">\u017di\u016br\u0117ti didesn\u012f \u017eem\u0117lapio vaizd\u0105<\/a><\/small><\/p>\n<p>&nbsp;<\/p>\n<p><strong>Vilniuje<\/strong><\/p>\n<p><iframe loading=\"lazy\" src=\"https:\/\/maps.google.lt\/maps?f=q&amp;source=embed&amp;hl=lt&amp;geocode=&amp;q=kalvariju+125&amp;aq=&amp;sll=55.185141,25.982666&amp;sspn=3.845439,10.821533&amp;ie=UTF8&amp;hq=&amp;hnear=Kalvarij%C5%B3+gatv%C4%97+125,+Vilnius,+Vilniaus+miesto+savivaldyb%C4%97+08221&amp;ll=54.71108,25.286923&amp;spn=0.007599,0.021136&amp;t=m&amp;z=14&amp;layer=c&amp;cbll=54.711317,25.286353&amp;panoid=DERCWKFiKv3ZbfAYtnGsDw&amp;cbp=12,101.06,,1,0.5&amp;output=svembed\" height=\"350\" width=\"425\" frameborder=\"0\" marginwidth=\"0\" marginheight=\"0\" scrolling=\"no\"><\/iframe><br \/><small><a style=\"color: #0000ff; text-align: left;\" href=\"https:\/\/maps.google.lt\/maps?f=q&amp;source=embed&amp;hl=lt&amp;geocode=&amp;q=kalvariju+125&amp;aq=&amp;sll=55.185141,25.982666&amp;sspn=3.845439,10.821533&amp;ie=UTF8&amp;hq=&amp;hnear=Kalvarij%C5%B3+gatv%C4%97+125,+Vilnius,+Vilniaus+miesto+savivaldyb%C4%97+08221&amp;ll=54.71108,25.286923&amp;spn=0.007599,0.021136&amp;t=m&amp;z=14&amp;layer=c&amp;cbll=54.711317,25.286353&amp;panoid=DERCWKFiKv3ZbfAYtnGsDw&amp;cbp=12,101.06,,1,0.5\">\u017di\u016br\u0117ti didesn\u012f \u017eem\u0117lapio vaizd\u0105<\/a><\/small><\/p>\n<p>&nbsp;<\/p>\n","protected":false},"excerpt":{"rendered":"<p>\u00a0 \u00a0 UAB &#8222;ABSS LT&#8221; Opening time:\u00a0Monday to Friday from 10:00 till 18:00 &nbsp; &nbsp; Adress: Klaip\u0117doje LT-92122, Klaip\u0117da, Naujoji uosto g. 18tel.\/fax 8-46412141, mob. +37067908887 e-mail :parduotuveklaipeda@abss.lt \u00a0\u00a0\u00a0\u00a0\u00a0\u00a0\u00a0\u00a0\u00a0\u00a0\u00a0md@abss.lt &nbsp; &nbsp; &nbsp; Adress: Vilniuje LT-08221, Vilnius,Kalvarij\u0173 g. 125 9 korpusas II auk\u0161tas tel. mob. +37067857535 e-mail :parduotuve@abss.lt &nbsp; Company Code 302531561,VAT Number LT100005623916AB bankas \u201cSwedbank\u201d [&hellip;]<\/p>\n<div class=\"placiaukategorijos\"><a href=\"https:\/\/abss.lt\/en\/contacts\/\">Pla\u010diau...<\/a><\/div>","protected":false},"author":1,"featured_media":0,"parent":0,"menu_order":0,"comment_status":"open","ping_status":"open","template":"","meta":{"_acf_changed":false,"footnotes":""},"class_list":["post-29","page","type-page","status-publish","hentry"],"acf":[],"_links":{"self":[{"href":"https:\/\/abss.lt\/en\/wp-json\/wp\/v2\/pages\/29","targetHints":{"allow":["GET"]}}],"collection":[{"href":"https:\/\/abss.lt\/en\/wp-json\/wp\/v2\/pages"}],"about":[{"href":"https:\/\/abss.lt\/en\/wp-json\/wp\/v2\/types\/page"}],"author":[{"embeddable":true,"href":"https:\/\/abss.lt\/en\/wp-json\/wp\/v2\/users\/1"}],"replies":[{"embeddable":true,"href":"https:\/\/abss.lt\/en\/wp-json\/wp\/v2\/comments?post=29"}],"version-history":[{"count":11,"href":"https:\/\/abss.lt\/en\/wp-json\/wp\/v2\/pages\/29\/revisions"}],"predecessor-version":[{"id":937,"href":"https:\/\/abss.lt\/en\/wp-json\/wp\/v2\/pages\/29\/revisions\/937"}],"wp:attachment":[{"href":"https:\/\/abss.lt\/en\/wp-json\/wp\/v2\/media?parent=29"}],"curies":[{"name":"wp","href":"https:\/\/api.w.org\/{rel}","templated":true}]}}