{"id":677,"date":"2013-04-03T12:11:53","date_gmt":"2013-04-03T12:11:53","guid":{"rendered":"http:\/\/abss.lt\/web\/?page_id=677"},"modified":"2014-03-05T10:55:47","modified_gmt":"2014-03-05T10:55:47","slug":"lygiavamzdziai-soviniai","status":"publish","type":"page","link":"https:\/\/abss.lt\/en\/soviniai\/lygiavamzdziai-soviniai\/","title":{"rendered":"Shotgun bullets"},"content":{"rendered":"<p><strong>&#8222;Rottweil Brenneke Classic&#8221;<br \/>\n<\/strong><strong><br \/>\n<img loading=\"lazy\" decoding=\"async\" alt=\"\" src=\"http:\/\/abss.lt\/images\/prekes\/rottweil.png\" width=\"300\" height=\"255\" border=\"0\" \/><img loading=\"lazy\" decoding=\"async\" alt=\"\" src=\"http:\/\/abss.lt\/images\/prekes\/rottweil2.jpg\" width=\"140\" height=\"123\" border=\"0\" \/><\/p>\n<p><\/strong><strong> <\/strong>Klasikiniai, universal\u016bs med\u017eiokliniai \u0161oviniai su \u0161vinine kulka ir veltinio<br \/>\nkam\u0161\u010diu, &#8211; efektyviai\u00a0gali\u00a0b\u016bti naudojami iki 50 m \u0161\u016bvio atstumo. \u0160ie \u0161oviniai<br \/>\npuikiai tinka visoms\u00a0med\u017eiokl\u0117s situacijoms i\u0161 vis\u0173 apyvartoje naudojam\u0173<br \/>\nlygiavamzd\u017ei\u0173 \u0161autuv\u0173. \u0160autuvo vamzd\u017eio \u010dokai\u00a0neturi \u017eymios\u00a0\u012ftakos \u0161\u016bvio<br \/>\nprecizi\u0161kumui, tod\u0117l \u0161oviniai\u00a0gali b\u016bti naudojami visiems populiariems ginklams. *<\/p>\n<p>1. Permatoma plastikin\u0117 t\u016btel\u0117 padeda\u00a0pasirinkti tinkam\u0105 \u0161ovin\u012f skubiais<br \/>\natvejais.<br \/>\n2. Originali, klasikin\u0117 &#8222;Brenneke&#8221; kulka.<br \/>\n3. Tvirtas, patikimas, H-formos plastikinis parako ma\u0161tis.<br \/>\n4. Ner\u016bdijanti SINOXID kapsul\u0117.<br \/>\n5. Pirmos klas\u0117s, auk\u0161tas metalinis gaubtas.<\/p>\n<table border=\"1\" cellspacing=\"0\" cellpadding=\"0\">\n<tbody>\n<tr>\n<td width=\"77\">\n<p align=\"center\"><strong>Kalibras<\/strong><\/p>\n<\/td>\n<td width=\"132\">\n<p align=\"center\"><strong>Kulkos svoris (gr)<\/strong><\/p>\n<\/td>\n<td width=\"151\">\n<p align=\"center\"><strong>Pradinis greitis (m\/s)<\/strong><\/p>\n<\/td>\n<td width=\"123\">\n<p align=\"center\"><strong>\u012epakavimas (vnt)<\/strong><\/p>\n<\/td>\n<td>\n<p align=\"center\"><strong>Kaina<\/strong><\/p>\n<\/td>\n<\/tr>\n<tr>\n<td width=\"77\">\n<p align=\"center\">12\/67.5<\/p>\n<\/td>\n<td width=\"132\">\n<p align=\"center\">31.5<\/p>\n<\/td>\n<td width=\"151\">\n<p align=\"center\">415<\/p>\n<\/td>\n<td width=\"123\">\n<p align=\"center\">10<\/p>\n<\/td>\n<td>\n<p align=\"center\"><strong>4.60 Lt.<\/strong><\/p>\n<\/td>\n<\/tr>\n<tr>\n<td width=\"77\">\n<p align=\"center\">16\/67.5<\/p>\n<\/td>\n<td width=\"132\">\n<p align=\"center\">27<\/p>\n<\/td>\n<td width=\"151\">\n<p align=\"center\">415<\/p>\n<\/td>\n<td width=\"123\">\n<p align=\"center\">10<\/p>\n<\/td>\n<td>\n<p align=\"center\"><strong>4.60 Lt.<\/strong><\/p>\n<\/td>\n<\/tr>\n<\/tbody>\n<\/table>\n<p>&nbsp;<\/p>\n<p><strong>&#8222;Rottweil Express&#8221;<\/strong><strong><br \/>\n<\/strong><\/p>\n<p><strong><img loading=\"lazy\" decoding=\"async\" alt=\"\" src=\"http:\/\/abss.lt\/images\/prekes\/rottweil3.jpg\" width=\"300\" height=\"300\" border=\"0\" \/><img loading=\"lazy\" decoding=\"async\" alt=\"\" src=\"http:\/\/abss.lt\/images\/prekes\/rottweil4.jpg\" width=\"140\" height=\"128\" border=\"0\" \/><\/strong><\/p>\n<p><strong><br \/>\n<\/strong><strong> <\/strong>Klasikiniai, universal\u016bs med\u017eiokliniai \u0161oviniai\u00a0sukurti specialiai aistringiems med\u017eiotojams.<br \/>\nAuk\u0161tos kokyb\u0117s grankulk\u0117s, i\u0161laikan\u010dios didel\u0119 energij\u0105 veikiant taikin\u012f.\u00a0Puikiai tinka visoms\u00a0med\u017eiokl\u0117s<br \/>\nsituacijoms i\u0161 vis\u0173 apyvartoje naudojam\u0173\u00a0lygiavamzd\u017ei\u0173 \u0161autuv\u0173. *<\/p>\n<p>1. Permatoma plastikin\u0117 t\u016btel\u0117 padeda\u00a0pasirinkti tinkam\u0105 \u0161ovin\u012f skubiais<br \/>\natvejais.<br \/>\n2.\u00a0Auk\u0161tos kokyb\u0117s \u0161vinin\u0117s grankulk\u0117s.<br \/>\n3.\u00a0Ekologi\u0161ko pluo\u0161to\u00a0kam\u0161tis, i\u0161valantis vamzd\u012f po kiekvieno \u0161\u016bvio.<br \/>\n4.\u00a0Tvirtas, patikimas, H-formos plastikinis parako kam\u0161tis.<br \/>\n5. Ner\u016bdijanti SINOXID kapsul\u0117.<br \/>\n6. Pirmos klas\u0117s, auk\u0161tas metalinis gaubtas.<\/p>\n<table border=\"1\" cellspacing=\"0\" cellpadding=\"0\">\n<tbody>\n<tr>\n<td>\n<p align=\"center\"><strong>Kalibras<\/strong><\/p>\n<\/td>\n<td>\n<p align=\"center\"><strong>Grankulk\u0117s dydis (mm)<\/strong><\/p>\n<\/td>\n<td>\n<p align=\"center\"><strong>Grankulki\u0173 skai\u010dius (vnt)<\/strong><\/p>\n<\/td>\n<td>\n<p align=\"center\"><strong>Pradinis greitis (m\/s)<\/strong><\/p>\n<\/td>\n<td>\n<p align=\"center\"><strong>\u012epakavimas (vnt)<\/strong><\/p>\n<\/td>\n<td>\n<p align=\"center\"><strong>Kaina<\/strong><\/p>\n<\/td>\n<\/tr>\n<tr>\n<td>\n<p align=\"center\">12\/67.5<\/p>\n<\/td>\n<td>\n<p align=\"center\">5.20<\/p>\n<\/td>\n<td>\n<p align=\"center\">43<\/p>\n<\/td>\n<td>\n<p align=\"center\">390<\/p>\n<\/td>\n<td>\n<p align=\"center\">10<\/p>\n<\/td>\n<td>\n<p align=\"center\"><strong>3.10Lt<\/strong><\/p>\n<\/td>\n<\/tr>\n<tr>\n<td>\n<p align=\"center\">12\/67.5<\/p>\n<\/td>\n<td>\n<p align=\"center\">6.20<\/p>\n<\/td>\n<td>\n<p align=\"center\">27<\/p>\n<\/td>\n<td>\n<p align=\"center\">390<\/p>\n<\/td>\n<td>\n<p align=\"center\">10<\/p>\n<\/td>\n<td>\n<p align=\"center\"><strong>3.10Lt<\/strong><\/p>\n<\/td>\n<\/tr>\n<tr>\n<td>\n<p align=\"center\">12\/67.5<\/p>\n<\/td>\n<td>\n<p align=\"center\">7.40<\/p>\n<\/td>\n<td>\n<p align=\"center\">12<\/p>\n<\/td>\n<td>\n<p align=\"center\">415<\/p>\n<\/td>\n<td>\n<p align=\"center\">10<\/p>\n<\/td>\n<td>\n<p align=\"center\"><strong>3.10Lt<\/strong><\/p>\n<\/td>\n<\/tr>\n<tr>\n<td>\n<p align=\"center\">16\/67.5<\/p>\n<\/td>\n<td>\n<p align=\"center\">7.40<\/p>\n<\/td>\n<td>\n<p align=\"center\">9<\/p>\n<\/td>\n<td>\n<p align=\"center\">415<\/p>\n<\/td>\n<td>\n<p align=\"center\">10<\/p>\n<\/td>\n<td>\n<p align=\"center\"><strong>3.10Lt<\/strong><\/p>\n<\/td>\n<\/tr>\n<\/tbody>\n<\/table>\n","protected":false},"excerpt":{"rendered":"<p>&#8222;Rottweil Brenneke Classic&#8221; Klasikiniai, universal\u016bs med\u017eiokliniai \u0161oviniai su \u0161vinine kulka ir veltinio kam\u0161\u010diu, &#8211; efektyviai\u00a0gali\u00a0b\u016bti naudojami iki 50 m \u0161\u016bvio atstumo. \u0160ie \u0161oviniai puikiai tinka visoms\u00a0med\u017eiokl\u0117s situacijoms i\u0161 vis\u0173 apyvartoje naudojam\u0173 lygiavamzd\u017ei\u0173 \u0161autuv\u0173. \u0160autuvo vamzd\u017eio \u010dokai\u00a0neturi \u017eymios\u00a0\u012ftakos \u0161\u016bvio precizi\u0161kumui, tod\u0117l \u0161oviniai\u00a0gali b\u016bti naudojami visiems populiariems ginklams. * 1. Permatoma plastikin\u0117 t\u016btel\u0117 padeda\u00a0pasirinkti tinkam\u0105 \u0161ovin\u012f skubiais [&hellip;]<\/p>\n<div class=\"placiaukategorijos\"><a href=\"https:\/\/abss.lt\/en\/soviniai\/lygiavamzdziai-soviniai\/\">Pla\u010diau...<\/a><\/div>","protected":false},"author":1,"featured_media":0,"parent":672,"menu_order":0,"comment_status":"open","ping_status":"open","template":"","meta":{"_acf_changed":false,"footnotes":""},"class_list":["post-677","page","type-page","status-publish","hentry"],"acf":[],"_links":{"self":[{"href":"https:\/\/abss.lt\/en\/wp-json\/wp\/v2\/pages\/677","targetHints":{"allow":["GET"]}}],"collection":[{"href":"https:\/\/abss.lt\/en\/wp-json\/wp\/v2\/pages"}],"about":[{"href":"https:\/\/abss.lt\/en\/wp-json\/wp\/v2\/types\/page"}],"author":[{"embeddable":true,"href":"https:\/\/abss.lt\/en\/wp-json\/wp\/v2\/users\/1"}],"replies":[{"embeddable":true,"href":"https:\/\/abss.lt\/en\/wp-json\/wp\/v2\/comments?post=677"}],"version-history":[{"count":2,"href":"https:\/\/abss.lt\/en\/wp-json\/wp\/v2\/pages\/677\/revisions"}],"predecessor-version":[{"id":1167,"href":"https:\/\/abss.lt\/en\/wp-json\/wp\/v2\/pages\/677\/revisions\/1167"}],"up":[{"embeddable":true,"href":"https:\/\/abss.lt\/en\/wp-json\/wp\/v2\/pages\/672"}],"wp:attachment":[{"href":"https:\/\/abss.lt\/en\/wp-json\/wp\/v2\/media?parent=677"}],"curies":[{"name":"wp","href":"https:\/\/api.w.org\/{rel}","templated":true}]}}