{"id":975,"date":"2013-04-23T10:24:27","date_gmt":"2013-04-23T10:24:27","guid":{"rendered":"http:\/\/abss.lt\/web\/?page_id=975"},"modified":"2013-04-23T10:48:09","modified_gmt":"2013-04-23T10:48:09","slug":"clever","status":"publish","type":"page","link":"https:\/\/abss.lt\/en\/soviniai\/lygiavamzdziai-soviniai\/clever\/","title":{"rendered":"Clever"},"content":{"rendered":"<p><span style=\"font-size: medium;\"><strong>Sportiniai \u0160audmenys<\/strong><\/span><\/p>\n<p><strong>T2 Competition<\/strong><\/p>\n<p><img loading=\"lazy\" decoding=\"async\" class=\"size-full wp-image-1002 alignleft\" style=\"margin-left: 10px; margin-right: 10px;\" alt=\"clevert2competition\" src=\"http:\/\/abss.lt\/web\/wp-content\/uploads\/2013\/04\/clevert2competition.gif\" width=\"263\" height=\"235\" \/> Tai standartiniai \u0161oviniai &#8211; Clever Mirage &#8222;stiprioji pus\u0117&#8221;. Auk\u0161\u010diuosios<br \/> kokyb\u0117s sudedamosios dalys ir nauja sud\u0117tis u\u017etikrina tiksl\u0173 ir tolyg\u0173 <br \/> \u0161rat\u0173 pasiskirstym\u0105 esant dideliam grei\u010diui. \u0160ie \u0161oviniai puikiai \u017einomi<br \/> &#8222;Trap&#8221; kategorijoje visame pasaulyje. Tinkami \u0161audyti &#8222;Trap&#8221;, &#8222;Skeet&#8221;,<br \/> &#8222;American Trap&#8221;, &#8222;Double Trap&#8221; stenduose. \u0160rat\u0173 sud\u0117tyje yra 3 % <br \/> stibio.<\/p>\n<p>&nbsp;<\/p>\n<p>&nbsp;<\/p>\n<p>&nbsp;<\/p>\n<p>&nbsp;<\/p>\n<table border=\"1\" cellspacing=\"0\" cellpadding=\"0\" align=\"default\">\n<tbody>\n<tr>\n<td valign=\"top\">\n<p align=\"center\"><strong>Pavadinimas<\/strong><\/p>\n<\/td>\n<td valign=\"top\">\n<p align=\"center\"><strong>Kalibras<\/strong><\/p>\n<\/td>\n<td valign=\"top\">\n<p align=\"center\"><strong>U\u017etaiso svoris (gr)<\/strong><\/p>\n<\/td>\n<td valign=\"top\">\n<p align=\"center\"><strong>Diametras (mm)<\/strong><\/p>\n<\/td>\n<td valign=\"top\">\n<p align=\"center\"><strong>Sl\u0117gis (bar)<\/strong><\/p>\n<\/td>\n<td valign=\"top\">\n<p align=\"center\"><strong>Greitis V0<\/strong><\/p>\n<\/td>\n<td valign=\"top\">\n<p align=\"center\"><strong>Greitis V10<\/strong><\/p>\n<\/td>\n<td valign=\"top\">\n<p align=\"center\"><strong>Kaina (Lt)<\/strong><\/p>\n<\/td>\n<\/tr>\n<tr>\n<td valign=\"top\">\n<p align=\"center\">T2 Competition 7,5<\/p>\n<\/td>\n<td valign=\"top\">\n<p align=\"center\">12\/70<\/p>\n<\/td>\n<td valign=\"top\">\n<p align=\"center\">24\/28<\/p>\n<\/td>\n<td valign=\"top\">\n<p align=\"center\">2,40<\/p>\n<\/td>\n<td valign=\"top\">\n<p align=\"center\">560\/620<\/p>\n<\/td>\n<td valign=\"top\">\n<p align=\"center\">423\/418<\/p>\n<\/td>\n<td valign=\"top\">\n<p align=\"center\">364\/360<\/p>\n<\/td>\n<td valign=\"top\">\n<p align=\"center\">0.89 Lt<\/p>\n<\/td>\n<\/tr>\n<\/tbody>\n<\/table>\n<p>&nbsp;<\/p>\n<p><span style=\"font-size: medium;\"><strong>Med\u017eiokliniai \u0160audmenys<\/strong><\/span><\/p>\n<p><strong>T2 Basic<\/strong><\/p>\n<p><img loading=\"lazy\" decoding=\"async\" class=\"size-full wp-image-1001 alignleft\" style=\"margin-left: 10px; margin-right: 10px;\" alt=\"2\" src=\"http:\/\/abss.lt\/web\/wp-content\/uploads\/2013\/04\/2.gif\" width=\"274\" height=\"235\" \/>Tai universal\u016bs, standartiniai \u0161oviniai skirti vis\u0173 tip\u0173 med\u017eioklei.<br \/>Naudojami visais med\u017eiokl\u0117s sezonais. \u0160rat\u0173 sud\u0117tyje yra 3 % stibio.<\/p>\n<p>&nbsp;<\/p>\n<p>&nbsp;<\/p>\n<p>&nbsp;<\/p>\n<p>&nbsp;<\/p>\n<p>&nbsp;<\/p>\n<p>&nbsp;<\/p>\n<table border=\"1\" cellspacing=\"0\" cellpadding=\"0\" align=\"default\">\n<tbody>\n<tr>\n<td valign=\"top\">\n<p align=\"center\"><strong>Pavadinimas<\/strong><\/p>\n<\/td>\n<td valign=\"top\">\n<p align=\"center\"><strong>Kalibras<\/strong><\/p>\n<\/td>\n<td valign=\"top\">\n<p align=\"center\"><strong>U\u017etaiso svoris (gr)<\/strong><\/p>\n<\/td>\n<td valign=\"top\">\n<p align=\"center\"><strong>Diametras (mm)<\/strong><\/p>\n<\/td>\n<td valign=\"top\">\n<p align=\"center\"><strong>Sl\u0117gis (bar)<\/strong><\/p>\n<\/td>\n<td valign=\"top\">\n<p align=\"center\"><strong>Greitis V0<\/strong><\/p>\n<\/td>\n<td valign=\"top\">\n<p align=\"center\"><strong>Greitis V10<\/strong><\/p>\n<\/td>\n<td valign=\"top\">\n<p align=\"center\"><strong>Kaina (Lt)<\/strong><\/p>\n<\/td>\n<\/tr>\n<tr>\n<td valign=\"top\">\n<p align=\"center\">T2 Basic 4<\/p>\n<\/td>\n<td valign=\"top\">\n<p align=\"center\">12\/70<\/p>\n<\/td>\n<td valign=\"top\">\n<p align=\"center\">32<\/p>\n<\/td>\n<td valign=\"top\">\n<p align=\"center\">3,10<\/p>\n<\/td>\n<td valign=\"top\">\n<p align=\"center\">620<\/p>\n<\/td>\n<td valign=\"top\">\n<p align=\"center\">414<\/p>\n<\/td>\n<td valign=\"top\">\n<p align=\"center\">345<\/p>\n<\/td>\n<td valign=\"top\">\n<p align=\"center\">1.15 Lt<\/p>\n<\/td>\n<\/tr>\n<tr>\n<td valign=\"top\">\n<p align=\"center\">T2 Basic 3<\/p>\n<\/td>\n<td valign=\"top\">\n<p align=\"center\">12\/70<\/p>\n<\/td>\n<td valign=\"top\">\n<p align=\"center\">32<\/p>\n<\/td>\n<td valign=\"top\">\n<p align=\"center\">3,30<\/p>\n<\/td>\n<td valign=\"top\">\n<p align=\"center\">620<\/p>\n<\/td>\n<td valign=\"top\">\n<p align=\"center\">414<\/p>\n<\/td>\n<td valign=\"top\">\n<p align=\"center\">345<\/p>\n<\/td>\n<td valign=\"top\">\n<p align=\"center\">1.15 Lt<\/p>\n<\/td>\n<\/tr>\n<tr>\n<td valign=\"top\">\n<p align=\"center\">T2 Basic 2<\/p>\n<\/td>\n<td valign=\"top\">\n<p align=\"center\">12\/70<\/p>\n<\/td>\n<td valign=\"top\">\n<p align=\"center\">32<\/p>\n<\/td>\n<td valign=\"top\">\n<p align=\"center\">3,50<\/p>\n<\/td>\n<td valign=\"top\">\n<p align=\"center\">620<\/p>\n<\/td>\n<td valign=\"top\">\n<p align=\"center\">414<\/p>\n<\/td>\n<td valign=\"top\">\n<p align=\"center\">345<\/p>\n<\/td>\n<td valign=\"top\">\n<p align=\"center\">1.25 Lt<\/p>\n<\/td>\n<\/tr>\n<\/tbody>\n<\/table>\n","protected":false},"excerpt":{"rendered":"<p>Sportiniai \u0160audmenys T2 Competition Tai standartiniai \u0161oviniai &#8211; Clever Mirage &#8222;stiprioji pus\u0117&#8221;. Auk\u0161\u010diuosios kokyb\u0117s sudedamosios dalys ir nauja sud\u0117tis u\u017etikrina tiksl\u0173 ir tolyg\u0173 \u0161rat\u0173 pasiskirstym\u0105 esant dideliam grei\u010diui. \u0160ie \u0161oviniai puikiai \u017einomi &#8222;Trap&#8221; kategorijoje visame pasaulyje. Tinkami \u0161audyti &#8222;Trap&#8221;, &#8222;Skeet&#8221;, &#8222;American Trap&#8221;, &#8222;Double Trap&#8221; stenduose. \u0160rat\u0173 sud\u0117tyje yra 3 % stibio. &nbsp; &nbsp; &nbsp; &nbsp; [&hellip;]<\/p>\n<div class=\"placiaukategorijos\"><a href=\"https:\/\/abss.lt\/en\/soviniai\/lygiavamzdziai-soviniai\/clever\/\">Pla\u010diau...<\/a><\/div>","protected":false},"author":1,"featured_media":0,"parent":677,"menu_order":0,"comment_status":"open","ping_status":"open","template":"","meta":{"_acf_changed":false,"footnotes":""},"class_list":["post-975","page","type-page","status-publish","hentry"],"acf":[],"_links":{"self":[{"href":"https:\/\/abss.lt\/en\/wp-json\/wp\/v2\/pages\/975","targetHints":{"allow":["GET"]}}],"collection":[{"href":"https:\/\/abss.lt\/en\/wp-json\/wp\/v2\/pages"}],"about":[{"href":"https:\/\/abss.lt\/en\/wp-json\/wp\/v2\/types\/page"}],"author":[{"embeddable":true,"href":"https:\/\/abss.lt\/en\/wp-json\/wp\/v2\/users\/1"}],"replies":[{"embeddable":true,"href":"https:\/\/abss.lt\/en\/wp-json\/wp\/v2\/comments?post=975"}],"version-history":[{"count":11,"href":"https:\/\/abss.lt\/en\/wp-json\/wp\/v2\/pages\/975\/revisions"}],"predecessor-version":[{"id":1000,"href":"https:\/\/abss.lt\/en\/wp-json\/wp\/v2\/pages\/975\/revisions\/1000"}],"up":[{"embeddable":true,"href":"https:\/\/abss.lt\/en\/wp-json\/wp\/v2\/pages\/677"}],"wp:attachment":[{"href":"https:\/\/abss.lt\/en\/wp-json\/wp\/v2\/media?parent=975"}],"curies":[{"name":"wp","href":"https:\/\/api.w.org\/{rel}","templated":true}]}}