{"id":988,"date":"2013-04-23T10:25:04","date_gmt":"2013-04-23T10:25:04","guid":{"rendered":"http:\/\/abss.lt\/web\/?page_id=988"},"modified":"2013-04-23T11:04:32","modified_gmt":"2013-04-23T11:04:32","slug":"zalaarms","status":"publish","type":"page","link":"https:\/\/abss.lt\/en\/soviniai\/lygiavamzdziai-soviniai\/zalaarms\/","title":{"rendered":"Zalaarms"},"content":{"rendered":"<table border=\"0\">\n<tbody>\n<tr>\n<td><img loading=\"lazy\" decoding=\"async\" alt=\"\" src=\"http:\/\/abss.lt\/images\/prekes\/zala1.jpg\" width=\"245\" height=\"197\" border=\"0\" \/><\/td>\n<td><strong>Zala Arms &#8222;Leader Sport&#8221; 12\/70<\/strong><strong><br \/> <strong> <\/strong><br \/> <strong> <\/strong><\/strong>&#8222;Leader Sport&#8221; &#8211; idealiai tiksli kulka skirta tiems, kurie siekia auk\u0161t\u0173 rezultat\u0173<br \/> var\u017eybose. \u0160ios kulkos naudojamos \u0161\u016bviams \u012f taikinius bei &#8222;b\u0117gant\u012f \u0161ern\u0105&#8221;.<br \/> Pripa\u017eintos ir puikiai \u012fvertintos daugelio med\u017eiotoj\u0173 ir sportinink\u0173. Daugelio<br \/> \u0161audymo var\u017eyb\u0173 nugal\u0117tojos.<br \/> &#8222;Leader Sport&#8221; &#8211; lyderiams, norintiems jais tapti ir norintiems jais i\u0161likti&#8230;<br \/> <strong>Techniniai duomenys:<\/strong><strong><br \/> <\/strong> Kalibras: 12\/70<br \/> U\u017etaiso svoris: 28 gr.<br \/> <strong>Kaina:\u00a02.10 Lt.<\/strong><\/td>\n<\/tr>\n<tr>\n<td><img loading=\"lazy\" decoding=\"async\" alt=\"\" src=\"http:\/\/abss.lt\/images\/prekes\/zala2.jpg\" width=\"252\" height=\"201\" border=\"0\" \/><\/td>\n<td>\n<p><strong>Zala Arms &#8222;Polevo 100&#8221;<\/strong><strong><\/p>\n<p> <\/strong> Str\u0117lin\u0117 kulka \u012fvilkta \u012f plastikinius sparnelius. Seniai u\u017esirekomendavusi<br \/> med\u017eioklin\u0117\u00a0kulka, kurios pristatin\u0117ti nereikia.<br \/> <strong>Techniniai duomenys:<\/strong><br \/> Kalibras: 12&#215;76<br \/> U\u017etaiso svoris: 31 gr.<\/p>\n<p><strong>Kaina: 6.80 Lt.<\/strong><strong> <\/strong><\/p>\n<\/td>\n<\/tr>\n<tr>\n<td><img loading=\"lazy\" decoding=\"async\" alt=\"\" src=\"http:\/\/abss.lt\/images\/prekes\/zala3.jpg\" width=\"251\" height=\"199\" border=\"0\" \/><\/td>\n<td>\n<p><strong>Zala Arms &#8222;Trio&#8221; 16<\/strong><strong><\/p>\n<p> <strong> <\/strong> <\/strong>Tai trys 12 mm \u0161ratai, \u012fvilkti \u012f plastikin\u012f konteiner\u012f. \u0160i kulka nenaudojama<br \/> varymin\u0117se med\u017eiokl\u0117se.<br \/> <strong>Techniniai duomenys:<\/strong><strong><br \/> <\/strong> Kalibras: 16&#215;70<br \/> U\u017etaiso svoris: 33 gr.<br \/> <strong>Kaina: 2.40 Lt.<\/strong><strong><\/p>\n<p> <\/strong><\/p>\n<\/td>\n<\/tr>\n<tr>\n<td><img loading=\"lazy\" decoding=\"async\" alt=\"\" src=\"http:\/\/abss.lt\/images\/prekes\/zala4.jpg\" width=\"257\" height=\"199\" border=\"0\" \/><\/td>\n<td>\n<p>&nbsp;<\/p>\n<p><strong>Zala Arms &#8222;Leader &#8221; 16<\/strong><strong><\/p>\n<p> <strong> <\/strong> <\/strong>\u0160i kulka gaminama presavimo b\u016bdu, tod\u0117l jos balistika be priekai\u0161t\u0173. Naujos<br \/> konstrukcijos obtiratorius i\u0161 specialaus plastiko leid\u017eia padidinti kulkos greit\u012f,<br \/> u\u017etikrina komforti\u0161k\u0105 ir taikl\u0173 \u0161\u016bv\u012f, ma\u017eina atatrank\u0105. Pritaikyta med\u017eiokl\u0117ms.<br \/> <strong>Techniniai duomenys:<\/strong><br \/> Kalibras: 16&#215;70<br \/> U\u017etaiso svoris: 32 gr.<br \/> <strong>Kaina: 2.40 Lt.<\/strong><strong><\/p>\n<p><\/strong><\/p>\n<\/td>\n<\/tr>\n<tr>\n<td><img loading=\"lazy\" decoding=\"async\" alt=\"\" src=\"http:\/\/abss.lt\/images\/prekes\/zala5.jpg\" width=\"255\" height=\"204\" border=\"0\" \/><\/td>\n<td>\n<p>&nbsp;<\/p>\n<p><strong>Zala Arms &#8222;Gualandi&#8221; <\/strong><strong><\/p>\n<p> <strong> <\/strong> <\/strong>J\u0117ga ir stabilumas. Tai viena taikliausi\u0173 kulk\u0173 pasaulyje. Jos konstrukcija<br \/> leid\u017eia \u0161audyti net i\u0161 siaur\u0173 vamzd\u017eio kanal\u0173. Didelis kulkos greitis leid\u017eia<br \/> \u0161audyti daugiau nei i\u0161 75 metr\u0173. Nepakei\u010diamas pagalbininkas med\u017eiokl\u0117se.<br \/> <strong>Techniniai duomenys:<\/strong><strong><br \/> <\/strong> Kalibras: 20&#215;70<br \/> U\u017etaiso svoris: 32 gr.<br \/> <strong>Kaina:\u00a03.20 Lt.<\/strong><strong><\/p>\n<p><\/strong><\/p>\n<\/td>\n<\/tr>\n<tr>\n<td><img loading=\"lazy\" decoding=\"async\" alt=\"\" src=\"http:\/\/abss.lt\/images\/prekes\/zala6.jpg\" width=\"256\" height=\"203\" border=\"0\" \/><\/td>\n<td>\n<p>&nbsp;<\/p>\n<p><strong>Zala Arms &#8222;Standart&#8221; 12\/70<\/strong><strong><\/p>\n<p> <\/strong>\u0160ie \u0161oviniai da\u017eniausiai naudojami varymin\u0117se med\u017eiokl\u0117se. Grankulk\u0117s yra<br \/> patalpintos \u012f &#8222;Gualandi Super G&#8221; konteiner\u012f, tod\u0117l j\u0173 sklaida yra labai<br \/> nedidel\u0117, o konteinerio konstrukcija daro \u0161\u016bv\u012f mink\u0161t\u0105. Tinkamiausias \u0161\u016bvis<br \/> esant 35 &#8211; 50 metr\u0173 atstumui.<br \/> <strong>Techniniai duomenys:<\/strong><strong><br \/> <\/strong> Kalibras: 12\/70<br \/> U\u017etaiso svoris: 32 &#8211; 32 &#8211; 34\u00a0gr.<br \/> Diametras: 5,00 &#8211; 6,20 &#8211; 8,40 mm.<br \/> <strong>Kaina: 1.65 Lt.<\/strong><\/p>\n<p><strong> <br \/><\/strong><\/p>\n<\/td>\n<\/tr>\n<tr>\n<td><img loading=\"lazy\" decoding=\"async\" alt=\"\" src=\"http:\/\/abss.lt\/images\/prekes\/zala7.jpg\" width=\"255\" height=\"202\" border=\"0\" \/><\/td>\n<td>\n<p>&nbsp;<\/p>\n<p><strong>Zala Arms &#8222;Magnum&#8221; 12\/76<\/strong><strong><\/p>\n<p> <strong> <\/strong> <\/strong>\u0160ie\u00a0\u0161oviniai skirti ginklams su 76 mm lizdu.\u00a0Padidintas u\u017etaisas, specialus<br \/> &#8222;Gualandi Super G&#8221; konteineris bei &#8222;Magnum&#8221; parakas &#8211; tai trys<br \/> komponentai, kurie daro \u0161iuos \u0161ovinius i\u0161skirtiniais. Tai \u0161oviniai<br \/> med\u017eiotojams, kurie m\u0117gsta didelius u\u017etaisus ir tolimus \u0161\u016bvius.\u00a0<br \/> <strong>Techniniai duomenys:<\/strong><strong> <\/strong><strong><br \/> <\/strong> Kalibras: 12\/76<br \/> U\u017etaiso svoris: 43 &#8211; 38 &#8211; 43\u00a0gr.<br \/> Diametras:\u00a06,20 &#8211; 8,40\u00a0mm.<br \/> <strong>Kaina: 2.55 Lt.<\/strong><\/p>\n<p><strong>\u00a0<\/strong><\/p>\n<\/td>\n<\/tr>\n<tr>\n<td><img loading=\"lazy\" decoding=\"async\" alt=\"\" src=\"http:\/\/abss.lt\/images\/prekes\/zala8.jpg\" width=\"255\" height=\"200\" border=\"0\" \/><\/td>\n<td>\n<p>&nbsp;<\/p>\n<p><strong>Zala Arms &#8222;Majerio&#8221; 16\/70\/16<\/strong><strong><\/p>\n<p> <strong> <\/strong> <\/strong>Seniai \u017einoma &#8222;turbininio&#8221; tipo kulka. Kokybi\u0161k\u0173 med\u017eiag\u0173 panaudojimas<br \/> leid\u017eia pasiekti auk\u0161tas \u0161io \u0161ovinio balistines savybes. Labai populiari<br \/> garbesnio am\u017eiaus med\u017eiotoj\u0173 tarpe.<br \/> <strong>Techniniai duomenys:<\/strong><strong><br \/> <\/strong> Kalibras: 16\/70\/16<br \/> U\u017etaiso svoris: 28 gr.<br \/> <strong>Kaina: 2.30 Lt.<\/p>\n<p><\/strong><\/p>\n<\/td>\n<\/tr>\n<tr>\n<td><img loading=\"lazy\" decoding=\"async\" alt=\"\" src=\"http:\/\/abss.lt\/images\/prekes\/zala9.jpg\" width=\"254\" height=\"202\" border=\"0\" \/><\/td>\n<td>\n<p>&nbsp;<\/p>\n<p><strong>Zala Arms &#8222;Polevo&#8221; 16\/70<\/strong><strong><\/p>\n<p> <\/strong> Str\u0117lin\u0117 kulka \u012fvilkta \u012f plastikinius sparnelius. Seniai u\u017esirekomendavusi<br \/> med\u017eioklin\u0117\u00a0kulka, kurios pristatin\u0117ti nereikia.<br \/> <strong>Techniniai duomenys:<\/strong><strong><br \/> <\/strong> Kalibras: 16\/70<br \/> U\u017etaiso svoris:\u00a024 gr.<br \/> <strong> <\/strong><strong>Kaina: 2.50 Lt.<\/strong><strong><\/p>\n<p><\/strong><\/p>\n<\/td>\n<\/tr>\n<tr>\n<td><img loading=\"lazy\" decoding=\"async\" alt=\"\" src=\"http:\/\/abss.lt\/images\/prekes\/zala10.jpg\" width=\"253\" height=\"200\" border=\"0\" \/><\/td>\n<td>\n<p>&nbsp;<\/p>\n<p><strong>Zala Arms &#8222;Trio&#8221; 16\/70<\/strong><strong><\/p>\n<p> <\/strong> Tai trys 12 mm \u0161ratai, \u012fvilkti \u012f plastikin\u012f konteiner\u012f. \u0160i kulka nenaudojama<br \/> varymin\u0117se med\u017eiokl\u0117se.<\/p>\n<p> <strong>Techniniai duomenys:<\/strong><strong><br \/> <\/strong> Kalibras: 16\/70<br \/> U\u017etaiso svoris:\u00a031 gr.<br \/> <strong> <\/strong><strong>Kaina: 2.40 Lt.<\/strong><strong><\/p>\n<p><\/strong><\/p>\n<\/td>\n<\/tr>\n<tr>\n<td><img loading=\"lazy\" decoding=\"async\" alt=\"\" src=\"http:\/\/abss.lt\/images\/prekes\/zala11.jpg\" width=\"256\" height=\"202\" border=\"0\" \/><\/td>\n<td>\n<p>&nbsp;<\/p>\n<p><strong>Zala Arms &#8222;Standart&#8221; 16\/70\/08<\/strong><strong><\/p>\n<p> <strong> <\/strong> <\/strong>Tai \u0161oviniai med\u017eiotojams, kurie turi 16 kalibro ginklus. J\u0173 u\u017etaisas yra 27<br \/> gramai ir patalpintas \u012e &#8222;Gualandi Super G&#8221; konteiner\u012f.<br \/> <strong>Techniniai duomenys:<\/strong><strong><br \/> <\/strong> Kalibras: 16\/70\/08<br \/> U\u017etaiso svoris:\u00a027 gr.<br \/> Diametras:\u00a04,00 &#8211; 4,50 &#8211; 4,75 &#8211; 5,00\u00a0mm.<br \/> <strong>Kaina: 1.55 Lt.<\/strong><strong><\/p>\n<p> <\/strong><\/p>\n<\/td>\n<\/tr>\n<tr>\n<td><img loading=\"lazy\" decoding=\"async\" alt=\"\" src=\"http:\/\/abss.lt\/images\/prekes\/zala12.jpg\" width=\"256\" height=\"199\" border=\"0\" \/><\/td>\n<td>\n<p>&nbsp;<\/p>\n<p><strong>Zala Arms &#8222;Standart&#8221; 16\/70<\/strong><strong><\/p>\n<p> <strong> <\/strong> <\/strong>\u0160ie \u0161oviniai skirti med\u017eiotojams, kurie &#8222;dievina&#8221; 16 kalibro ginklus. Visos<br \/> grankulk\u0117s patalpintos \u012f &#8222;Gualandi Super G&#8221; konteiner\u012f. Pasi\u017eymi nedidele<br \/> sklaida.<br \/> <strong>Techniniai duomenys:<\/strong><strong><br \/> <\/strong> Kalibras: 16\/70<br \/> U\u017etaiso svoris: 27 &#8211; 26 &#8211; 28 gr.<br \/> Diametras: 6,00 &#8211; 7,80 &#8211; 8,40 mm.<br \/> <strong>Kaina: 1.70 Lt.<\/strong><\/p>\n<\/td>\n<\/tr>\n<tr>\n<td><img loading=\"lazy\" decoding=\"async\" alt=\"\" src=\"http:\/\/abss.lt\/images\/prekes\/zala13.jpg\" width=\"256\" height=\"202\" border=\"0\" \/><\/td>\n<td>\n<p>&nbsp;<\/p>\n<p><strong>Zala Arms &#8222;Standart&#8221; 16\/70\/08<\/strong><strong><\/p>\n<p> <strong> <\/strong> <\/strong>Tai \u0161oviniai med\u017eiotojams, kurie turi 16 kalibro ginklus. J\u0173 u\u017etaisas yra 27<br \/> gramai ir patalpintas \u012e &#8222;Gualandi Super G&#8221; konteiner\u012f.<br \/> <strong>Techniniai duomenys:<\/strong><strong><br \/> <\/strong> Kalibras: 16\/70\/08<br \/> U\u017etaiso svoris:\u00a027 gr.<br \/> Diametras: 3,50 mm.<br \/> <strong>Kaina: 1.35 Lt.<\/strong><\/p>\n<\/td>\n<\/tr>\n<\/tbody>\n<\/table>\n","protected":false},"excerpt":{"rendered":"<p>Zala Arms &#8222;Leader Sport&#8221; 12\/70 &#8222;Leader Sport&#8221; &#8211; idealiai tiksli kulka skirta tiems, kurie siekia auk\u0161t\u0173 rezultat\u0173 var\u017eybose. \u0160ios kulkos naudojamos \u0161\u016bviams \u012f taikinius bei &#8222;b\u0117gant\u012f \u0161ern\u0105&#8221;. Pripa\u017eintos ir puikiai \u012fvertintos daugelio med\u017eiotoj\u0173 ir sportinink\u0173. Daugelio \u0161audymo var\u017eyb\u0173 nugal\u0117tojos. &#8222;Leader Sport&#8221; &#8211; lyderiams, norintiems jais tapti ir norintiems jais i\u0161likti&#8230; Techniniai duomenys: Kalibras: 12\/70 U\u017etaiso [&hellip;]<\/p>\n<div class=\"placiaukategorijos\"><a href=\"https:\/\/abss.lt\/en\/soviniai\/lygiavamzdziai-soviniai\/zalaarms\/\">Pla\u010diau...<\/a><\/div>","protected":false},"author":1,"featured_media":0,"parent":677,"menu_order":0,"comment_status":"open","ping_status":"open","template":"","meta":{"_acf_changed":false,"footnotes":""},"class_list":["post-988","page","type-page","status-publish","hentry"],"acf":[],"_links":{"self":[{"href":"https:\/\/abss.lt\/en\/wp-json\/wp\/v2\/pages\/988","targetHints":{"allow":["GET"]}}],"collection":[{"href":"https:\/\/abss.lt\/en\/wp-json\/wp\/v2\/pages"}],"about":[{"href":"https:\/\/abss.lt\/en\/wp-json\/wp\/v2\/types\/page"}],"author":[{"embeddable":true,"href":"https:\/\/abss.lt\/en\/wp-json\/wp\/v2\/users\/1"}],"replies":[{"embeddable":true,"href":"https:\/\/abss.lt\/en\/wp-json\/wp\/v2\/comments?post=988"}],"version-history":[{"count":2,"href":"https:\/\/abss.lt\/en\/wp-json\/wp\/v2\/pages\/988\/revisions"}],"predecessor-version":[{"id":1017,"href":"https:\/\/abss.lt\/en\/wp-json\/wp\/v2\/pages\/988\/revisions\/1017"}],"up":[{"embeddable":true,"href":"https:\/\/abss.lt\/en\/wp-json\/wp\/v2\/pages\/677"}],"wp:attachment":[{"href":"https:\/\/abss.lt\/en\/wp-json\/wp\/v2\/media?parent=988"}],"curies":[{"name":"wp","href":"https:\/\/api.w.org\/{rel}","templated":true}]}}